{"id":54688,"date":"2025-01-21T21:53:57","date_gmt":"2025-01-21T21:53:57","guid":{"rendered":"https:\/\/wiselywellness.ca\/?post_type=product&#038;p=54688"},"modified":"2025-08-06T22:46:10","modified_gmt":"2025-08-06T22:46:10","slug":"desir10p","status":"publish","type":"product","link":"https:\/\/wiselywellness.ca\/fr\/produit\/desir10p\/","title":{"rendered":"PACK DESIRE 10"},"content":{"rendered":"<p>Nom du produit : DESIRE<br \/>\nProfil d'ar\u00f4me : Vanille \u00e9pic\u00e9e<br \/>\nChocolat de base : Chocolat noir de qualit\u00e9 sup\u00e9rieure<br \/>\nIngr\u00e9dients fonctionnels : Cordyceps, Reishi, Tribulus, Epimedium, Cannelle<\/p>\n<p>Poids net par unit\u00e9 : 30g | Poids net total : 300g<\/p>","protected":false},"excerpt":{"rendered":"<p class=\"p1\">\u00c9levez votre humeur avec DESIRE, compos\u00e9 de champignons Cordyceps et Reishi, de Tribulus et de Horny Goat Weed. Ce m\u00e9lange \u00e9nergisant favorise la vitalit\u00e9, la libido et le bien-\u00eatre \u00e9motionnel, le tout envelopp\u00e9 dans une riche saveur de vanille \u00e9pic\u00e9e.<\/p>\n<p class=\"p1\"><b>Ingr\u00e9dients :<\/b><b><\/b><\/p>\n<p class=\"p1\">P\u00e2te de cacao, beurre de cacao, maltitol (d\u00e9riv\u00e9 du bl\u00e9), poudre de champignon reishi, poudre de champignon cordyceps, poudre de fruit de tribulus, poudre de feuille de ch\u00e8vre corn\u00e9e, l\u00e9cithine de soja, ar\u00f4me naturel de vanille.<\/p>","protected":false},"featured_media":55350,"comment_status":"open","ping_status":"closed","template":"","meta":[],"product_brand":[],"product_cat":[200,206],"product_tag":[],"class_list":{"0":"post-54688","1":"product","2":"type-product","3":"status-publish","4":"has-post-thumbnail","6":"product_cat-desire","7":"product_cat-functional-mushroom-chocolate","10":"first","11":"instock","12":"taxable","13":"shipping-taxable","14":"purchasable","15":"product-type-simple"},"supplier_id":null,"supplier_sku":"","barcode":null,"atum_controlled":true,"out_stock_date":null,"out_stock_threshold":null,"inheritable":false,"inbound_stock":null,"stock_on_hold":7,"sold_today":0,"sales_last_days":2,"reserved_stock":null,"customer_returns":null,"warehouse_damage":null,"lost_in_post":null,"other_logs":null,"out_stock_days":0,"lost_sales":0,"has_location":false,"update_date":"2026-04-16T19:32:22","atum_locations":[],"atum_stock_status":"instock","restock_status":false,"low_stock_amount":"","sales_update_date":"2026-04-16T19:32:22","calc_backorders":null,"_links":{"self":[{"href":"https:\/\/wiselywellness.ca\/fr\/wp-json\/wp\/v2\/product\/54688","targetHints":{"allow":["GET"]}}],"collection":[{"href":"https:\/\/wiselywellness.ca\/fr\/wp-json\/wp\/v2\/product"}],"about":[{"href":"https:\/\/wiselywellness.ca\/fr\/wp-json\/wp\/v2\/types\/product"}],"replies":[{"embeddable":true,"href":"https:\/\/wiselywellness.ca\/fr\/wp-json\/wp\/v2\/comments?post=54688"}],"wp:featuredmedia":[{"embeddable":true,"href":"https:\/\/wiselywellness.ca\/fr\/wp-json\/wp\/v2\/media\/55350"}],"wp:attachment":[{"href":"https:\/\/wiselywellness.ca\/fr\/wp-json\/wp\/v2\/media?parent=54688"}],"wp:term":[{"taxonomy":"product_brand","embeddable":true,"href":"https:\/\/wiselywellness.ca\/fr\/wp-json\/wp\/v2\/product_brand?post=54688"},{"taxonomy":"product_cat","embeddable":true,"href":"https:\/\/wiselywellness.ca\/fr\/wp-json\/wp\/v2\/product_cat?post=54688"},{"taxonomy":"product_tag","embeddable":true,"href":"https:\/\/wiselywellness.ca\/fr\/wp-json\/wp\/v2\/product_tag?post=54688"}],"curies":[{"name":"wp","href":"https:\/\/api.w.org\/{rel}","templated":true}]}}