{"id":54687,"date":"2025-01-21T21:53:24","date_gmt":"2025-01-21T21:53:24","guid":{"rendered":"https:\/\/wiselywellness.ca\/?post_type=product&#038;p=54687"},"modified":"2025-08-06T22:06:58","modified_gmt":"2025-08-06T22:06:58","slug":"charge10p","status":"publish","type":"product","link":"https:\/\/wiselywellness.ca\/fr\/produit\/charge10p\/","title":{"rendered":"PACK CHARGE 10"},"content":{"rendered":"<p>Nom du produit : CHARGE<br \/>\nProfil de saveur : Espresso<br \/>\nChocolat de base : Chocolat noir de qualit\u00e9 sup\u00e9rieure<br \/>\nIngr\u00e9dients fonctionnels : Champignon Chaga, racine de Maca, Ginseng<\/p>\n<p>Poids net par unit\u00e9 : 30g | Poids net total : 300g<\/p>","protected":false},"excerpt":{"rendered":"<p class=\"p1\">Rechargez avec CHARGE, \u00e0 base de champignon Chaga, de Maca et de racine de Ginseng. Cette barre infus\u00e9e \u00e0 l'espresso stimule la r\u00e9sistance, l'endurance et la protection antioxydante pour un mode de vie actif.<\/p>\n<p class=\"p1\"><b>Ingr\u00e9dients :<\/b><b><\/b><\/p>\n<p class=\"p1\">P\u00e2te de cacao, beurre de cacao, maltitol (d\u00e9riv\u00e9 du bl\u00e9), poudre de champignon chaga, poudre de racine de maca, poudre de racine de ginseng, l\u00e9cithine de soja, ar\u00f4me naturel de vanille.<\/p>","protected":false},"featured_media":55346,"comment_status":"open","ping_status":"closed","template":"","meta":[],"product_brand":[],"product_cat":[199,206],"product_tag":[],"class_list":{"0":"post-54687","1":"product","2":"type-product","3":"status-publish","4":"has-post-thumbnail","6":"product_cat-charge","7":"product_cat-functional-mushroom-chocolate","10":"first","11":"instock","12":"taxable","13":"shipping-taxable","14":"purchasable","15":"product-type-simple"},"supplier_id":null,"supplier_sku":"","barcode":null,"atum_controlled":true,"out_stock_date":null,"out_stock_threshold":null,"inheritable":false,"inbound_stock":null,"stock_on_hold":2,"sold_today":0,"sales_last_days":0,"reserved_stock":null,"customer_returns":null,"warehouse_damage":null,"lost_in_post":null,"other_logs":null,"out_stock_days":0,"lost_sales":0,"has_location":false,"update_date":"2026-04-15T11:57:28","atum_locations":[],"atum_stock_status":"instock","restock_status":false,"low_stock_amount":"","sales_update_date":"2026-04-15T11:57:28","calc_backorders":null,"_links":{"self":[{"href":"https:\/\/wiselywellness.ca\/fr\/wp-json\/wp\/v2\/product\/54687","targetHints":{"allow":["GET"]}}],"collection":[{"href":"https:\/\/wiselywellness.ca\/fr\/wp-json\/wp\/v2\/product"}],"about":[{"href":"https:\/\/wiselywellness.ca\/fr\/wp-json\/wp\/v2\/types\/product"}],"replies":[{"embeddable":true,"href":"https:\/\/wiselywellness.ca\/fr\/wp-json\/wp\/v2\/comments?post=54687"}],"wp:featuredmedia":[{"embeddable":true,"href":"https:\/\/wiselywellness.ca\/fr\/wp-json\/wp\/v2\/media\/55346"}],"wp:attachment":[{"href":"https:\/\/wiselywellness.ca\/fr\/wp-json\/wp\/v2\/media?parent=54687"}],"wp:term":[{"taxonomy":"product_brand","embeddable":true,"href":"https:\/\/wiselywellness.ca\/fr\/wp-json\/wp\/v2\/product_brand?post=54687"},{"taxonomy":"product_cat","embeddable":true,"href":"https:\/\/wiselywellness.ca\/fr\/wp-json\/wp\/v2\/product_cat?post=54687"},{"taxonomy":"product_tag","embeddable":true,"href":"https:\/\/wiselywellness.ca\/fr\/wp-json\/wp\/v2\/product_tag?post=54687"}],"curies":[{"name":"wp","href":"https:\/\/api.w.org\/{rel}","templated":true}]}}