{"id":54685,"date":"2025-01-21T21:52:06","date_gmt":"2025-01-21T21:52:06","guid":{"rendered":"https:\/\/wiselywellness.ca\/?post_type=product&#038;p=54685"},"modified":"2025-08-06T22:45:15","modified_gmt":"2025-08-06T22:45:15","slug":"boost10p","status":"publish","type":"product","link":"https:\/\/wiselywellness.ca\/fr\/produit\/boost10p\/","title":{"rendered":"BOOST 10 PACK"},"content":{"rendered":"<p>Nom du produit : BOOST<br \/>\nProfil d'ar\u00f4me : Miel et citron<br \/>\nChocolat de base : Chocolat noir de qualit\u00e9 sup\u00e9rieure<br \/>\nIngr\u00e9dients fonctionnels : Queue de dinde, Astragale, Moringa<\/p>\n<p>Poids net par unit\u00e9 : 30g | Poids net total : 300g<\/p>","protected":false},"excerpt":{"rendered":"<p class=\"p1\">Faites le plein d'\u00e9nergie avec BOOST, infus\u00e9 avec du champignon Turkey Tail, de la racine d'Astragalus et du Moringa. Cette barre revigorante renforce la fonction immunitaire et l'\u00e9nergie durable, le tout sans stimulants.<\/p>\n<p class=\"p1\"><b>Ingr\u00e9dients :<\/b><b><\/b><\/p>\n<p class=\"p1\">P\u00e2te de cacao, beurre de cacao, maltitol (d\u00e9riv\u00e9 du bl\u00e9), poudre de champignon de la queue de dinde, poudre de racine d'astragale, poudre de feuille de moringa, l\u00e9cithine de soja, ar\u00f4me naturel de vanille.<\/p>","protected":false},"featured_media":55342,"comment_status":"open","ping_status":"closed","template":"","meta":[],"product_brand":[],"product_cat":[197,206],"product_tag":[],"class_list":{"0":"post-54685","1":"product","2":"type-product","3":"status-publish","4":"has-post-thumbnail","6":"product_cat-boost","7":"product_cat-functional-mushroom-chocolate","10":"first","11":"instock","12":"taxable","13":"shipping-taxable","14":"purchasable","15":"product-type-simple"},"supplier_id":null,"supplier_sku":"","barcode":null,"atum_controlled":true,"out_stock_date":null,"out_stock_threshold":null,"inheritable":false,"inbound_stock":null,"stock_on_hold":3,"sold_today":0,"sales_last_days":0,"reserved_stock":null,"customer_returns":null,"warehouse_damage":null,"lost_in_post":null,"other_logs":null,"out_stock_days":0,"lost_sales":0,"has_location":false,"update_date":"2026-04-17T11:58:54","atum_locations":[],"atum_stock_status":"instock","restock_status":false,"low_stock_amount":"","sales_update_date":"2026-04-17T11:58:54","calc_backorders":null,"_links":{"self":[{"href":"https:\/\/wiselywellness.ca\/fr\/wp-json\/wp\/v2\/product\/54685","targetHints":{"allow":["GET"]}}],"collection":[{"href":"https:\/\/wiselywellness.ca\/fr\/wp-json\/wp\/v2\/product"}],"about":[{"href":"https:\/\/wiselywellness.ca\/fr\/wp-json\/wp\/v2\/types\/product"}],"replies":[{"embeddable":true,"href":"https:\/\/wiselywellness.ca\/fr\/wp-json\/wp\/v2\/comments?post=54685"}],"wp:featuredmedia":[{"embeddable":true,"href":"https:\/\/wiselywellness.ca\/fr\/wp-json\/wp\/v2\/media\/55342"}],"wp:attachment":[{"href":"https:\/\/wiselywellness.ca\/fr\/wp-json\/wp\/v2\/media?parent=54685"}],"wp:term":[{"taxonomy":"product_brand","embeddable":true,"href":"https:\/\/wiselywellness.ca\/fr\/wp-json\/wp\/v2\/product_brand?post=54685"},{"taxonomy":"product_cat","embeddable":true,"href":"https:\/\/wiselywellness.ca\/fr\/wp-json\/wp\/v2\/product_cat?post=54685"},{"taxonomy":"product_tag","embeddable":true,"href":"https:\/\/wiselywellness.ca\/fr\/wp-json\/wp\/v2\/product_tag?post=54685"}],"curies":[{"name":"wp","href":"https:\/\/api.w.org\/{rel}","templated":true}]}}