{"id":16588,"date":"2020-12-08T08:04:02","date_gmt":"2020-12-08T08:04:02","guid":{"rendered":"http:\/\/localhost\/wordpress\/jumys\/?post_type=product&#038;p=16588"},"modified":"2025-09-11T20:01:25","modified_gmt":"2025-09-11T20:01:25","slug":"se-detendre","status":"publish","type":"product","link":"https:\/\/wiselywellness.ca\/fr\/produit\/se-detendre\/","title":{"rendered":"RELAXER"},"content":{"rendered":"<p>Nom du produit : RELAX<br \/>\nProfil de saveur : Sel de mer<br \/>\nChocolat de base : Chocolat noir de qualit\u00e9 sup\u00e9rieure<br \/>\nIngr\u00e9dients fonctionnels : Reishi, crini\u00e8re de lion, Ashwagandha, Moringa<\/p>\n<p>Poids net : 30g | Portion : 1 carr\u00e9<\/p>","protected":false},"excerpt":{"rendered":"<p class=\"p1\">Retrouvez votre calme avec RELAX, un m\u00e9lange apaisant de champignons Reishi et Lion's Mane, d'Ashwagandha et de Moringa. Il aide \u00e0 r\u00e9duire le stress et l'anxi\u00e9t\u00e9 tout en favorisant la clart\u00e9 mentale et l'\u00e9quilibre \u00e9motionnel.<\/p>\n<p class=\"p1\"><b>Ingr\u00e9dients :<\/b><b><\/b><\/p>\n<p class=\"p1\">P\u00e2te de cacao, beurre de cacao, maltitol (d\u00e9riv\u00e9 du bl\u00e9), poudre de champignon reishi, poudre de champignon crini\u00e8re de lion, poudre de racine d'ashwagandha, poudre de feuille de moringa, l\u00e9cithine de soja, ar\u00f4me naturel de vanille.<\/p>","protected":false},"featured_media":55404,"comment_status":"open","ping_status":"closed","template":"","meta":[],"product_brand":[],"product_cat":[206,198],"product_tag":[],"class_list":{"0":"post-16588","1":"product","2":"type-product","3":"status-publish","4":"has-post-thumbnail","6":"product_cat-functional-mushroom-chocolate","7":"product_cat-relax","10":"first","11":"instock","12":"taxable","13":"shipping-taxable","14":"purchasable","15":"product-type-simple"},"supplier_id":null,"supplier_sku":"","barcode":null,"atum_controlled":true,"out_stock_date":null,"out_stock_threshold":null,"inheritable":false,"inbound_stock":null,"stock_on_hold":14,"sold_today":0,"sales_last_days":0,"reserved_stock":null,"customer_returns":null,"warehouse_damage":null,"lost_in_post":null,"other_logs":null,"out_stock_days":0,"lost_sales":0,"has_location":false,"update_date":"2026-04-13T11:56:21","atum_locations":[],"atum_stock_status":"instock","restock_status":false,"low_stock_amount":"","sales_update_date":"2026-04-13T11:56:21","calc_backorders":null,"_links":{"self":[{"href":"https:\/\/wiselywellness.ca\/fr\/wp-json\/wp\/v2\/product\/16588","targetHints":{"allow":["GET"]}}],"collection":[{"href":"https:\/\/wiselywellness.ca\/fr\/wp-json\/wp\/v2\/product"}],"about":[{"href":"https:\/\/wiselywellness.ca\/fr\/wp-json\/wp\/v2\/types\/product"}],"replies":[{"embeddable":true,"href":"https:\/\/wiselywellness.ca\/fr\/wp-json\/wp\/v2\/comments?post=16588"}],"wp:featuredmedia":[{"embeddable":true,"href":"https:\/\/wiselywellness.ca\/fr\/wp-json\/wp\/v2\/media\/55404"}],"wp:attachment":[{"href":"https:\/\/wiselywellness.ca\/fr\/wp-json\/wp\/v2\/media?parent=16588"}],"wp:term":[{"taxonomy":"product_brand","embeddable":true,"href":"https:\/\/wiselywellness.ca\/fr\/wp-json\/wp\/v2\/product_brand?post=16588"},{"taxonomy":"product_cat","embeddable":true,"href":"https:\/\/wiselywellness.ca\/fr\/wp-json\/wp\/v2\/product_cat?post=16588"},{"taxonomy":"product_tag","embeddable":true,"href":"https:\/\/wiselywellness.ca\/fr\/wp-json\/wp\/v2\/product_tag?post=16588"}],"curies":[{"name":"wp","href":"https:\/\/api.w.org\/{rel}","templated":true}]}}