{"id":1061,"date":"2020-10-15T08:30:09","date_gmt":"2020-10-15T08:30:09","guid":{"rendered":"http:\/\/localhost\/wpsportbike\/?product=sample-product-model-04"},"modified":"2025-09-22T10:55:42","modified_gmt":"2025-09-22T10:55:42","slug":"eclat","status":"publish","type":"product","link":"https:\/\/wiselywellness.ca\/fr\/produit\/eclat\/","title":{"rendered":"LUMI\u00c8RE"},"content":{"rendered":"<p>Nom du produit : GLOW<br \/>\nProfil d'ar\u00f4me : Vanille et baies<br \/>\nChocolat de base : Chocolat noir de qualit\u00e9 sup\u00e9rieure<br \/>\nIngr\u00e9dients fonctionnels : Tremella Fuciformis, Reishi, Chaga, Vitamine C, Moringa<\/p>\n<p>Poids net : 30g | Portion : 1 carr\u00e9<\/p>","protected":false},"excerpt":{"rendered":"<p class=\"p1\">Brillez de l'int\u00e9rieur avec GLOW, aliment\u00e9 par Snow Fungus et Moringa. Ce m\u00e9lange de beaut\u00e9 favorise l'hydratation, l'\u00e9lasticit\u00e9 et l'\u00e9clat naturel de la peau - votre plaisir quotidien pour la sant\u00e9 des cheveux, de la peau et des ongles.<\/p>\n<p class=\"p1\"><b>Ingr\u00e9dients :<\/b><b><\/b><\/p>\n<p class=\"p1\">P\u00e2te de cacao, beurre de cacao, maltitol (d\u00e9riv\u00e9 du bl\u00e9), poudre de champignon reishi, poudre de champignon cordyceps, poudre de tr\u00e9melle (champignon des neiges), poudre de feuille de moringa, l\u00e9cithine de soja, ar\u00f4me naturel de vanille.<\/p>","protected":false},"featured_media":55400,"comment_status":"open","ping_status":"closed","template":"","meta":[],"product_brand":[],"product_cat":[206,201],"product_tag":[],"class_list":{"0":"post-1061","1":"product","2":"type-product","3":"status-publish","4":"has-post-thumbnail","6":"product_cat-functional-mushroom-chocolate","7":"product_cat-glow","10":"first","11":"instock","12":"taxable","13":"shipping-taxable","14":"purchasable","15":"product-type-simple"},"supplier_id":null,"supplier_sku":"","barcode":null,"atum_controlled":true,"out_stock_date":null,"out_stock_threshold":null,"inheritable":false,"inbound_stock":null,"stock_on_hold":10,"sold_today":0,"sales_last_days":0,"reserved_stock":null,"customer_returns":null,"warehouse_damage":null,"lost_in_post":null,"other_logs":null,"out_stock_days":0,"lost_sales":0,"has_location":false,"update_date":"2026-04-17T11:58:54","atum_locations":[],"atum_stock_status":"instock","restock_status":false,"low_stock_amount":"","sales_update_date":"2026-04-17T11:58:54","calc_backorders":null,"_links":{"self":[{"href":"https:\/\/wiselywellness.ca\/fr\/wp-json\/wp\/v2\/product\/1061","targetHints":{"allow":["GET"]}}],"collection":[{"href":"https:\/\/wiselywellness.ca\/fr\/wp-json\/wp\/v2\/product"}],"about":[{"href":"https:\/\/wiselywellness.ca\/fr\/wp-json\/wp\/v2\/types\/product"}],"replies":[{"embeddable":true,"href":"https:\/\/wiselywellness.ca\/fr\/wp-json\/wp\/v2\/comments?post=1061"}],"wp:featuredmedia":[{"embeddable":true,"href":"https:\/\/wiselywellness.ca\/fr\/wp-json\/wp\/v2\/media\/55400"}],"wp:attachment":[{"href":"https:\/\/wiselywellness.ca\/fr\/wp-json\/wp\/v2\/media?parent=1061"}],"wp:term":[{"taxonomy":"product_brand","embeddable":true,"href":"https:\/\/wiselywellness.ca\/fr\/wp-json\/wp\/v2\/product_brand?post=1061"},{"taxonomy":"product_cat","embeddable":true,"href":"https:\/\/wiselywellness.ca\/fr\/wp-json\/wp\/v2\/product_cat?post=1061"},{"taxonomy":"product_tag","embeddable":true,"href":"https:\/\/wiselywellness.ca\/fr\/wp-json\/wp\/v2\/product_tag?post=1061"}],"curies":[{"name":"wp","href":"https:\/\/api.w.org\/{rel}","templated":true}]}}