{"id":54683,"date":"2025-01-21T21:45:54","date_gmt":"2025-01-21T21:45:54","guid":{"rendered":"https:\/\/wiselywellness.ca\/?post_type=product&#038;p=54683"},"modified":"2025-08-06T22:42:28","modified_gmt":"2025-08-06T22:42:28","slug":"dormir10p","status":"publish","type":"product","link":"https:\/\/wiselywellness.ca\/es\/product\/dormir10p\/","title":{"rendered":"PAQUETE SUE\u00d1O 10"},"content":{"rendered":"<p>Nombre del producto: SLEEP<br \/>\nPerfil de sabor: Lavanda Manzanilla<br \/>\nChocolate base: Chocolate negro de primera calidad<br \/>\nIngredientes funcionales: Reishi, Magnesio, Zinc, Moringa<\/p>\n<p>Peso neto por unidad: 30g | Peso Neto Total: 300g<\/p>","protected":false},"excerpt":{"rendered":"<p class=\"p1\">Sum\u00e9rjase en un sue\u00f1o tranquilo con SLEEP, una suave mezcla de hongo Reishi, Magnesio, Zinc y Moringa. Dise\u00f1ado para favorecer la relajaci\u00f3n, el alivio del estr\u00e9s y un ritmo circadiano saludable.<\/p>\n<p class=\"p1\"><b>Ingredientes:<\/b><b><\/b><\/p>\n<p class=\"p1\">Pasta de cacao, manteca de cacao, maltitol (derivado del trigo), polvo de hongo reishi, glicinato de magnesio, gluconato de zinc, polvo de hoja de moringa, lecitina de soja, aroma natural de vainilla.<\/p>","protected":false},"featured_media":55366,"comment_status":"open","ping_status":"closed","template":"","meta":[],"product_brand":[],"product_cat":[206,195],"product_tag":[],"class_list":{"0":"post-54683","1":"product","2":"type-product","3":"status-publish","4":"has-post-thumbnail","6":"product_cat-functional-mushroom-chocolate","7":"product_cat-sleep","10":"first","11":"instock","12":"taxable","13":"shipping-taxable","14":"purchasable","15":"product-type-simple"},"supplier_id":null,"supplier_sku":"","barcode":null,"atum_controlled":true,"out_stock_date":null,"out_stock_threshold":null,"inheritable":false,"inbound_stock":null,"stock_on_hold":3,"sold_today":0,"sales_last_days":0,"reserved_stock":null,"customer_returns":null,"warehouse_damage":null,"lost_in_post":null,"other_logs":null,"out_stock_days":0,"lost_sales":0,"has_location":false,"update_date":"2026-04-15T11:57:27","atum_locations":[],"atum_stock_status":"instock","restock_status":false,"low_stock_amount":"","sales_update_date":"2026-04-15T11:57:27","calc_backorders":null,"_links":{"self":[{"href":"https:\/\/wiselywellness.ca\/es\/wp-json\/wp\/v2\/product\/54683","targetHints":{"allow":["GET"]}}],"collection":[{"href":"https:\/\/wiselywellness.ca\/es\/wp-json\/wp\/v2\/product"}],"about":[{"href":"https:\/\/wiselywellness.ca\/es\/wp-json\/wp\/v2\/types\/product"}],"replies":[{"embeddable":true,"href":"https:\/\/wiselywellness.ca\/es\/wp-json\/wp\/v2\/comments?post=54683"}],"wp:featuredmedia":[{"embeddable":true,"href":"https:\/\/wiselywellness.ca\/es\/wp-json\/wp\/v2\/media\/55366"}],"wp:attachment":[{"href":"https:\/\/wiselywellness.ca\/es\/wp-json\/wp\/v2\/media?parent=54683"}],"wp:term":[{"taxonomy":"product_brand","embeddable":true,"href":"https:\/\/wiselywellness.ca\/es\/wp-json\/wp\/v2\/product_brand?post=54683"},{"taxonomy":"product_cat","embeddable":true,"href":"https:\/\/wiselywellness.ca\/es\/wp-json\/wp\/v2\/product_cat?post=54683"},{"taxonomy":"product_tag","embeddable":true,"href":"https:\/\/wiselywellness.ca\/es\/wp-json\/wp\/v2\/product_tag?post=54683"}],"curies":[{"name":"wp","href":"https:\/\/api.w.org\/{rel}","templated":true}]}}