{"id":50170,"date":"2024-04-12T09:13:11","date_gmt":"2024-04-12T09:13:11","guid":{"rendered":"http:\/\/localhost\/wordpress\/jumys\/?post_type=product&#038;p=50170"},"modified":"2025-09-11T20:01:25","modified_gmt":"2025-09-11T20:01:25","slug":"dormir","status":"publish","type":"product","link":"https:\/\/wiselywellness.ca\/es\/product\/dormir\/","title":{"rendered":"SLEEP"},"content":{"rendered":"<p>Nombre del producto: SLEEP<br \/>\nPerfil de sabor: Lavanda Manzanilla<br \/>\nChocolate base: Chocolate negro de primera calidad<br \/>\nIngredientes funcionales: Reishi, Magnesio, Zinc, Moringa<\/p>","protected":false},"excerpt":{"rendered":"<p class=\"p1\">Sum\u00e9rjase en un sue\u00f1o tranquilo con SLEEP, una suave mezcla de hongo Reishi, Magnesio, Zinc y Moringa. Dise\u00f1ado para favorecer la relajaci\u00f3n, el alivio del estr\u00e9s y un ritmo circadiano saludable.<\/p>\n<p class=\"p1\"><b>Ingredientes:<\/b><b><\/b><\/p>\n<p class=\"p1\">Pasta de cacao, manteca de cacao, maltitol (derivado del trigo), polvo de hongo reishi, glicinato de magnesio, gluconato de zinc, polvo de hoja de moringa, lecitina de soja, aroma natural de vainilla.<\/p>","protected":false},"featured_media":55408,"comment_status":"open","ping_status":"closed","template":"","meta":[],"product_brand":[],"product_cat":[206,195],"product_tag":[],"class_list":{"0":"post-50170","1":"product","2":"type-product","3":"status-publish","4":"has-post-thumbnail","6":"product_cat-functional-mushroom-chocolate","7":"product_cat-sleep","10":"first","11":"instock","12":"taxable","13":"shipping-taxable","14":"purchasable","15":"product-type-simple"},"supplier_id":null,"supplier_sku":"","barcode":null,"atum_controlled":true,"out_stock_date":null,"out_stock_threshold":null,"inheritable":false,"inbound_stock":null,"stock_on_hold":11,"sold_today":0,"sales_last_days":0,"reserved_stock":null,"customer_returns":null,"warehouse_damage":null,"lost_in_post":null,"other_logs":null,"out_stock_days":0,"lost_sales":0,"has_location":false,"update_date":"2026-04-16T11:58:30","atum_locations":[],"atum_stock_status":"instock","restock_status":false,"low_stock_amount":"","sales_update_date":"2026-04-16T11:58:30","calc_backorders":null,"_links":{"self":[{"href":"https:\/\/wiselywellness.ca\/es\/wp-json\/wp\/v2\/product\/50170","targetHints":{"allow":["GET"]}}],"collection":[{"href":"https:\/\/wiselywellness.ca\/es\/wp-json\/wp\/v2\/product"}],"about":[{"href":"https:\/\/wiselywellness.ca\/es\/wp-json\/wp\/v2\/types\/product"}],"replies":[{"embeddable":true,"href":"https:\/\/wiselywellness.ca\/es\/wp-json\/wp\/v2\/comments?post=50170"}],"wp:featuredmedia":[{"embeddable":true,"href":"https:\/\/wiselywellness.ca\/es\/wp-json\/wp\/v2\/media\/55408"}],"wp:attachment":[{"href":"https:\/\/wiselywellness.ca\/es\/wp-json\/wp\/v2\/media?parent=50170"}],"wp:term":[{"taxonomy":"product_brand","embeddable":true,"href":"https:\/\/wiselywellness.ca\/es\/wp-json\/wp\/v2\/product_brand?post=50170"},{"taxonomy":"product_cat","embeddable":true,"href":"https:\/\/wiselywellness.ca\/es\/wp-json\/wp\/v2\/product_cat?post=50170"},{"taxonomy":"product_tag","embeddable":true,"href":"https:\/\/wiselywellness.ca\/es\/wp-json\/wp\/v2\/product_tag?post=50170"}],"curies":[{"name":"wp","href":"https:\/\/api.w.org\/{rel}","templated":true}]}}