{"id":39116,"date":"2022-08-15T04:14:00","date_gmt":"2022-08-15T04:14:00","guid":{"rendered":"http:\/\/localhost\/wordpress\/jumys\/?post_type=product&#038;p=39116"},"modified":"2025-10-18T01:14:29","modified_gmt":"2025-10-18T01:14:29","slug":"enfoque","status":"publish","type":"product","link":"https:\/\/wiselywellness.ca\/es\/product\/enfoque\/","title":{"rendered":"ENFOQUE"},"content":{"rendered":"<p>Nombre del producto: FOCUS<br \/>\nPerfil de sabor: C\u00edtrico<br \/>\nChocolate base: Chocolate negro de primera calidad<br \/>\nIngredientes funcionales: Melena de Le\u00f3n, Cordyceps, Guaran\u00e1, Moringa<\/p>\n<p>Peso neto: 30 g | Porci\u00f3n: 1 cuadradito<\/p>","protected":false},"excerpt":{"rendered":"<p class=\"p1\">Mant\u00e9ngase alerta con FOCUS, que contiene hongos Melena de Le\u00f3n y Cordyceps, semillas de Guaran\u00e1 y Moringa. Esta f\u00f3rmula favorece la memoria, la concentraci\u00f3n y la protecci\u00f3n del cerebro para un rendimiento mental \u00f3ptimo.<\/p>\n<p class=\"p1\"><b>Ingredientes:<\/b><b><\/b><\/p>\n<p class=\"p1\">Pasta de cacao, manteca de cacao, maltitol (derivado del trigo), polvo de hongo cordyceps, polvo de hongo melena de le\u00f3n, polvo de semilla de guaran\u00e1, polvo de hoja de moringa, lecitina de soja, aroma natural de vainilla.<\/p>","protected":false},"featured_media":55396,"comment_status":"open","ping_status":"closed","template":"","meta":[],"product_brand":[],"product_cat":[196,206],"product_tag":[],"class_list":{"0":"post-39116","1":"product","2":"type-product","3":"status-publish","4":"has-post-thumbnail","6":"product_cat-focus","7":"product_cat-functional-mushroom-chocolate","10":"first","11":"instock","12":"taxable","13":"shipping-taxable","14":"purchasable","15":"product-type-simple"},"supplier_id":null,"supplier_sku":"","barcode":null,"atum_controlled":true,"out_stock_date":null,"out_stock_threshold":null,"inheritable":false,"inbound_stock":null,"stock_on_hold":11,"sold_today":0,"sales_last_days":0,"reserved_stock":null,"customer_returns":null,"warehouse_damage":null,"lost_in_post":null,"other_logs":null,"out_stock_days":0,"lost_sales":0,"has_location":false,"update_date":"2026-04-16T11:58:30","atum_locations":[],"atum_stock_status":"instock","restock_status":false,"low_stock_amount":"","sales_update_date":"2026-04-16T11:58:30","calc_backorders":null,"_links":{"self":[{"href":"https:\/\/wiselywellness.ca\/es\/wp-json\/wp\/v2\/product\/39116","targetHints":{"allow":["GET"]}}],"collection":[{"href":"https:\/\/wiselywellness.ca\/es\/wp-json\/wp\/v2\/product"}],"about":[{"href":"https:\/\/wiselywellness.ca\/es\/wp-json\/wp\/v2\/types\/product"}],"replies":[{"embeddable":true,"href":"https:\/\/wiselywellness.ca\/es\/wp-json\/wp\/v2\/comments?post=39116"}],"wp:featuredmedia":[{"embeddable":true,"href":"https:\/\/wiselywellness.ca\/es\/wp-json\/wp\/v2\/media\/55396"}],"wp:attachment":[{"href":"https:\/\/wiselywellness.ca\/es\/wp-json\/wp\/v2\/media?parent=39116"}],"wp:term":[{"taxonomy":"product_brand","embeddable":true,"href":"https:\/\/wiselywellness.ca\/es\/wp-json\/wp\/v2\/product_brand?post=39116"},{"taxonomy":"product_cat","embeddable":true,"href":"https:\/\/wiselywellness.ca\/es\/wp-json\/wp\/v2\/product_cat?post=39116"},{"taxonomy":"product_tag","embeddable":true,"href":"https:\/\/wiselywellness.ca\/es\/wp-json\/wp\/v2\/product_tag?post=39116"}],"curies":[{"name":"wp","href":"https:\/\/api.w.org\/{rel}","templated":true}]}}