{"id":38859,"date":"2022-08-12T02:56:59","date_gmt":"2022-08-12T02:56:59","guid":{"rendered":"http:\/\/localhost\/wordpress\/jumys\/?post_type=product&#038;p=38859"},"modified":"2025-09-11T20:01:25","modified_gmt":"2025-09-11T20:01:25","slug":"impulsar","status":"publish","type":"product","link":"https:\/\/wiselywellness.ca\/es\/product\/impulsar\/","title":{"rendered":"BOOST"},"content":{"rendered":"<p>Nombre del producto: BOOST<br \/>\nPerfil de sabor: Miel Lim\u00f3n<br \/>\nChocolate base: Chocolate negro de primera calidad<br \/>\nIngredientes funcionales: Cola de Pavo, Astr\u00e1galo, Moringa<\/p>\n<p>Peso neto: 30 g | Porci\u00f3n: 1 cuadradito<\/p>","protected":false},"excerpt":{"rendered":"<p class=\"p1\">Alimente su d\u00eda con BOOST, una infusi\u00f3n de cola de pavo, ra\u00edz de astr\u00e1galo y moringa. Esta barra vigorizante mejora la funci\u00f3n inmune y la energ\u00eda sostenida, todo ello sin estimulantes.<\/p>\n<p class=\"p1\"><b>Ingredientes:<\/b><b><\/b><\/p>\n<p class=\"p1\">Pasta de cacao, manteca de cacao, maltitol (derivado del trigo), cola de pavo en polvo, ra\u00edz de astr\u00e1galo en polvo, hoja de moringa en polvo, lecitina de soja, aroma natural de vainilla.<\/p>","protected":false},"featured_media":55384,"comment_status":"open","ping_status":"closed","template":"","meta":[],"product_brand":[],"product_cat":[197,206],"product_tag":[],"class_list":{"0":"post-38859","1":"product","2":"type-product","3":"status-publish","4":"has-post-thumbnail","6":"product_cat-boost","7":"product_cat-functional-mushroom-chocolate","10":"first","11":"instock","12":"taxable","13":"shipping-taxable","14":"purchasable","15":"product-type-simple"},"supplier_id":null,"supplier_sku":"","barcode":null,"atum_controlled":true,"out_stock_date":null,"out_stock_threshold":null,"inheritable":false,"inbound_stock":null,"stock_on_hold":21,"sold_today":0,"sales_last_days":0,"reserved_stock":null,"customer_returns":null,"warehouse_damage":null,"lost_in_post":null,"other_logs":null,"out_stock_days":0,"lost_sales":0,"has_location":false,"update_date":"2026-04-16T11:58:30","atum_locations":[],"atum_stock_status":"instock","restock_status":false,"low_stock_amount":"","sales_update_date":"2026-04-16T11:58:30","calc_backorders":null,"_links":{"self":[{"href":"https:\/\/wiselywellness.ca\/es\/wp-json\/wp\/v2\/product\/38859","targetHints":{"allow":["GET"]}}],"collection":[{"href":"https:\/\/wiselywellness.ca\/es\/wp-json\/wp\/v2\/product"}],"about":[{"href":"https:\/\/wiselywellness.ca\/es\/wp-json\/wp\/v2\/types\/product"}],"replies":[{"embeddable":true,"href":"https:\/\/wiselywellness.ca\/es\/wp-json\/wp\/v2\/comments?post=38859"}],"wp:featuredmedia":[{"embeddable":true,"href":"https:\/\/wiselywellness.ca\/es\/wp-json\/wp\/v2\/media\/55384"}],"wp:attachment":[{"href":"https:\/\/wiselywellness.ca\/es\/wp-json\/wp\/v2\/media?parent=38859"}],"wp:term":[{"taxonomy":"product_brand","embeddable":true,"href":"https:\/\/wiselywellness.ca\/es\/wp-json\/wp\/v2\/product_brand?post=38859"},{"taxonomy":"product_cat","embeddable":true,"href":"https:\/\/wiselywellness.ca\/es\/wp-json\/wp\/v2\/product_cat?post=38859"},{"taxonomy":"product_tag","embeddable":true,"href":"https:\/\/wiselywellness.ca\/es\/wp-json\/wp\/v2\/product_tag?post=38859"}],"curies":[{"name":"wp","href":"https:\/\/api.w.org\/{rel}","templated":true}]}}