{"id":16546,"date":"2020-12-08T02:51:24","date_gmt":"2020-12-08T02:51:24","guid":{"rendered":"http:\/\/localhost\/wordpress\/jumys\/?post_type=product&#038;p=16546"},"modified":"2025-09-11T20:01:25","modified_gmt":"2025-09-11T20:01:25","slug":"carga","status":"publish","type":"product","link":"https:\/\/wiselywellness.ca\/es\/product\/carga\/","title":{"rendered":"CHARGE"},"content":{"rendered":"<p>Nombre del producto: CARGA<br \/>\nPerfil de sabor: Espresso<br \/>\nChocolate base: Chocolate negro de primera calidad<br \/>\nIngredientes funcionales: Hongo Chaga, Ra\u00edz de Maca, Ginseng<\/p>\n<p>Peso neto: 30 g | Porci\u00f3n: 1 cuadradito<\/p>","protected":false},"excerpt":{"rendered":"<p class=\"p1\">Rec\u00e1rgate con CHARGE, elaborada con hongo Chaga, Maca y ra\u00edz de Ginseng. Esta barrita con infusi\u00f3n de caf\u00e9 espresso aumenta el vigor, la resistencia y la protecci\u00f3n antioxidante para un estilo de vida activo.<\/p>\n<p class=\"p1\"><b>Ingredientes:<\/b><b><\/b><\/p>\n<p class=\"p1\">Pasta de cacao, manteca de cacao, maltitol (derivado del trigo), polvo de hongo chaga, polvo de ra\u00edz de maca, polvo de ra\u00edz de ginseng, lecitina de soja, aroma natural de vainilla.<\/p>","protected":false},"featured_media":55388,"comment_status":"open","ping_status":"closed","template":"","meta":[],"product_brand":[],"product_cat":[199,206],"product_tag":[],"class_list":{"0":"post-16546","1":"product","2":"type-product","3":"status-publish","4":"has-post-thumbnail","6":"product_cat-charge","7":"product_cat-functional-mushroom-chocolate","10":"first","11":"instock","12":"taxable","13":"shipping-taxable","14":"purchasable","15":"product-type-simple"},"supplier_id":null,"supplier_sku":"","barcode":null,"atum_controlled":true,"out_stock_date":null,"out_stock_threshold":null,"inheritable":false,"inbound_stock":null,"stock_on_hold":21,"sold_today":0,"sales_last_days":0,"reserved_stock":null,"customer_returns":null,"warehouse_damage":null,"lost_in_post":null,"other_logs":null,"out_stock_days":0,"lost_sales":0,"has_location":false,"update_date":"2026-04-16T11:58:29","atum_locations":[],"atum_stock_status":"instock","restock_status":false,"low_stock_amount":"","sales_update_date":"2026-04-16T11:58:29","calc_backorders":null,"_links":{"self":[{"href":"https:\/\/wiselywellness.ca\/es\/wp-json\/wp\/v2\/product\/16546","targetHints":{"allow":["GET"]}}],"collection":[{"href":"https:\/\/wiselywellness.ca\/es\/wp-json\/wp\/v2\/product"}],"about":[{"href":"https:\/\/wiselywellness.ca\/es\/wp-json\/wp\/v2\/types\/product"}],"replies":[{"embeddable":true,"href":"https:\/\/wiselywellness.ca\/es\/wp-json\/wp\/v2\/comments?post=16546"}],"wp:featuredmedia":[{"embeddable":true,"href":"https:\/\/wiselywellness.ca\/es\/wp-json\/wp\/v2\/media\/55388"}],"wp:attachment":[{"href":"https:\/\/wiselywellness.ca\/es\/wp-json\/wp\/v2\/media?parent=16546"}],"wp:term":[{"taxonomy":"product_brand","embeddable":true,"href":"https:\/\/wiselywellness.ca\/es\/wp-json\/wp\/v2\/product_brand?post=16546"},{"taxonomy":"product_cat","embeddable":true,"href":"https:\/\/wiselywellness.ca\/es\/wp-json\/wp\/v2\/product_cat?post=16546"},{"taxonomy":"product_tag","embeddable":true,"href":"https:\/\/wiselywellness.ca\/es\/wp-json\/wp\/v2\/product_tag?post=16546"}],"curies":[{"name":"wp","href":"https:\/\/api.w.org\/{rel}","templated":true}]}}